{"id":899,"date":"2017-01-11T16:50:39","date_gmt":"2017-01-11T16:50:39","guid":{"rendered":"https:\/\/infiniti.igotchamedia.com\/?page_id=899"},"modified":"2017-01-11T19:04:38","modified_gmt":"2017-01-11T19:04:38","slug":"video-walls-infiniti","status":"publish","type":"page","link":"https:\/\/infiniti.igotchamedia.com\/fr\/video-walls-infiniti\/","title":{"rendered":"Murs vid\u00e9os"},"content":{"rendered":"<div class=\"wpb-content-wrapper\"><p>[vc_row][vc_column][vc_column_text]Maximisez l&#8217;impact de votre affichage et impressionnez vos clients avec des murs vid\u00e9o aux lignes \u00e9l\u00e9gantes.<\/p>\n<p>Plusieurs formats sont disponibles pour une occupation optimale de votre espace. Remplissez le formulaire pour obtenir une soumission personnalis\u00e9e![\/vc_column_text][\/vc_column][\/vc_row][vc_row][vc_column width=&#8221;1\/2&#8243;][vc_single_image image=&#8221;914&#8243; img_size=&#8221;full&#8221;][vc_column_text]Avec 3 \u00e9crans de large par 1 \u00e9cran de haut, ce mur vid\u00e9o est parfait en tableau de menu.\u00a0Installez le au niveau de votre comptoir de service et listez vos services et vos prix tout en conservant un ou plusieurs espaces publicitaires pour vos promotions en cours.[\/vc_column_text][\/vc_column][vc_column width=&#8221;1\/2&#8243;][vc_single_image image=&#8221;915&#8243; img_size=&#8221;full&#8221;][vc_column_text]Ce mur vid\u00e9o est compos\u00e9 de 2 \u00e9crans de haut par 2 \u00e9crans de large et a pour but d&#8217;impressionner vos clients! Diffusez des vid\u00e9os promotionnelles en plein \u00e9cran ou bien divisez-le en plusieurs sections pour communiquer les messages de votre choix.[\/vc_column_text][\/vc_column][\/vc_row][vc_row][vc_column][vc_raw_js]JTNDc2NyaXB0JTIwdHlwZSUzRCUyMnRleHQlMkZqYXZhc2NyaXB0JTIyJTNFJTIwJTBBc2V0VGltZW91dCUyOGZ1bmN0aW9uJTI4JTI5JTdCJTBBZG9jdW1lbnQucXVlcnlTZWxlY3RvciUyOCUyMi5mb290ZXItbG9nbyUyMCUzRSUyMGElM0FudGgtY2hpbGQlMjgxJTI5JTIyJTI5LmhyZWYlMjAlM0QlMjAlMjJodHRwcyUzQSUyRiUyRnd3dy5pZ290Y2hhbWVkaWEuY29tJTIyJTNCJTBBJTBBJTdEJTJDNTAwJTI5JTNCJTBBZG9jdW1lbnQucXVlcnlTZWxlY3RvciUyOCUyNyUyM21haW4tbWVudSUyMCUzRSUyMGRpdiUyMCUzRSUyMGRpdiUyMCUzRSUyMGRpdi5jb2wtc20tMy5oaWRkZW4tc20uaGlkZGVuLXhzJTIwJTNFJTIwZGl2JTIwJTNFJTIwYSUyMCUzRSUyMGltZyUyNyUyOS5zcmMlM0QlMjJodHRwcyUzQSUyRiUyRm5pc3Nhbi5pZ290Y2hhbWVkaWEuY29tJTJGd3AtY29udGVudCUyRnVwbG9hZHMlMkYyMDE3JTJGMDElMkZsb2dvSW5maW5pdGklNDAyeC5wbmclMjIlM0IlMEElMEFkb2N1bWVudC5xdWVyeVNlbGVjdG9yJTI4JTI3JTIzcHJpY2luZyUyMCUzRSUyMGRpdiUyMCUzRSUyMGRpdiUzQW50aC1jaGlsZCUyODElMjklMjAlM0UlMjBkaXYlMjAlM0UlMjBkaXYlMjAlM0UlMjBpbWclMjclMjkuc3JjJTNEJTIyaHR0cHMlM0ElMkYlMkZuaXNzYW4uaWdvdGNoYW1lZGlhLmNvbSUyRndwLWNvbnRlbnQlMkZ1cGxvYWRzJTJGMjAxNyUyRjAxJTJGb2JsaXF1ZUxpbmVCbGFjay5wbmclMjIlM0IlMEElMEFkb2N1bWVudC5xdWVyeVNlbGVjdG9yJTI4JTI3JTIzY29udGFjdCUyMCUzRSUyMGRpdiUyMCUzRSUyMGRpdiUyMCUzRSUyMGRpdiUyMCUzRSUyMGRpdiUyMCUzRSUyMGRpdiUyMCUzRSUyMGRpdiUzQW50aC1jaGlsZCUyODElMjklMjAlM0UlMjBkaXYuc2VjdGlvbi10aXRsZSUyMCUzRSUyMGltZyUyNyUyOS5zcmMlM0QlMjJodHRwcyUzQSUyRiUyRm5pc3Nhbi5pZ290Y2hhbWVkaWEuY29tJTJGd3AtY29udGVudCUyRnVwbG9hZHMlMkYyMDE3JTJGMDElMkZvYmxpcXVlTGluZUJsYWNrLnBuZyUyMiUzQiUwQSUzQyUyRnNjcmlwdCUzRQ==[\/vc_raw_js][\/vc_column][\/vc_row]<\/p>\n<\/div>","protected":false},"excerpt":{"rendered":"<p>[vc_row][vc_column][vc_column_text]Maximisez l&#8217;impact de votre affichage et impressionnez vos clients avec des murs vid\u00e9o aux lignes \u00e9l\u00e9gantes. Plusieurs formats sont disponibles pour une occupation optimale de votre espace. Remplissez le formulaire pour obtenir une soumission personnalis\u00e9e![\/vc_column_text][\/vc_column][\/vc_row][vc_row][vc_column width=&#8221;1\/2&#8243;][vc_single_image image=&#8221;914&#8243; img_size=&#8221;full&#8221;][vc_column_text]Avec 3 \u00e9crans de large par 1 \u00e9cran de haut, ce mur vid\u00e9o est parfait en tableau de [&hellip;]<\/p>\n","protected":false},"author":12,"featured_media":0,"parent":0,"menu_order":0,"comment_status":"closed","ping_status":"closed","template":"","meta":{"footnotes":""},"class_list":["post-899","page","type-page","status-publish","hentry"],"_links":{"self":[{"href":"https:\/\/infiniti.igotchamedia.com\/fr\/wp-json\/wp\/v2\/pages\/899","targetHints":{"allow":["GET"]}}],"collection":[{"href":"https:\/\/infiniti.igotchamedia.com\/fr\/wp-json\/wp\/v2\/pages"}],"about":[{"href":"https:\/\/infiniti.igotchamedia.com\/fr\/wp-json\/wp\/v2\/types\/page"}],"author":[{"embeddable":true,"href":"https:\/\/infiniti.igotchamedia.com\/fr\/wp-json\/wp\/v2\/users\/12"}],"replies":[{"embeddable":true,"href":"https:\/\/infiniti.igotchamedia.com\/fr\/wp-json\/wp\/v2\/comments?post=899"}],"version-history":[{"count":6,"href":"https:\/\/infiniti.igotchamedia.com\/fr\/wp-json\/wp\/v2\/pages\/899\/revisions"}],"predecessor-version":[{"id":917,"href":"https:\/\/infiniti.igotchamedia.com\/fr\/wp-json\/wp\/v2\/pages\/899\/revisions\/917"}],"wp:attachment":[{"href":"https:\/\/infiniti.igotchamedia.com\/fr\/wp-json\/wp\/v2\/media?parent=899"}],"curies":[{"name":"wp","href":"https:\/\/api.w.org\/{rel}","templated":true}]}}